{"id":2396,"date":"2024-03-26T14:31:07","date_gmt":"2024-03-26T14:31:07","guid":{"rendered":"https:\/\/enjoyayurveda.de\/chi-siamo\/"},"modified":"2024-05-21T10:30:07","modified_gmt":"2024-05-21T10:30:07","slug":"chi-siamo","status":"publish","type":"page","link":"https:\/\/enjoyayurveda.de\/it\/chi-siamo\/","title":{"rendered":"Chi siamo"},"content":{"rendered":"\t\t<div data-elementor-type=\"wp-page\" data-elementor-id=\"2396\" class=\"elementor elementor-2396 elementor-1083\" data-elementor-post-type=\"page\">\n\t\t\t\t<div class=\"elementor-element elementor-element-42f26e2 e-flex e-con-boxed e-con e-parent\" data-id=\"42f26e2\" data-element_type=\"container\" data-settings=\"{&quot;background_background&quot;:&quot;classic&quot;}\">\n\t\t\t\t\t<div class=\"e-con-inner\">\n\t\t<div class=\"elementor-element elementor-element-556a00c e-flex e-con-boxed e-con e-child\" data-id=\"556a00c\" data-element_type=\"container\">\n\t\t\t\t\t<div class=\"e-con-inner\">\n\t\t\t\t<div class=\"elementor-element elementor-element-a0be731 elementor-widget elementor-widget-heading\" data-id=\"a0be731\" data-element_type=\"widget\" data-widget_type=\"heading.default\">\n\t\t\t\t<div class=\"elementor-widget-container\">\n\t\t\t\t\t<h1 class=\"elementor-heading-title elementor-size-default\">Informazioni su Enjoy Ayurveda\n\n<\/h1>\t\t\t\t<\/div>\n\t\t\t\t<\/div>\n\t\t\t\t\t<\/div>\n\t\t\t\t<\/div>\n\t\t\t\t\t<\/div>\n\t\t\t\t<\/div>\n\t\t<div class=\"elementor-element elementor-element-59ae2fb e-flex e-con-boxed e-con e-parent\" data-id=\"59ae2fb\" data-element_type=\"container\">\n\t\t\t\t\t<div class=\"e-con-inner\">\n\t\t<div class=\"elementor-element elementor-element-b279358 e-flex e-con-boxed e-con e-child\" data-id=\"b279358\" data-element_type=\"container\">\n\t\t\t\t\t<div class=\"e-con-inner\">\n\t\t\t\t<div class=\"elementor-element elementor-element-5fd86c18 elementor-widget elementor-widget-heading\" data-id=\"5fd86c18\" data-element_type=\"widget\" data-widget_type=\"heading.default\">\n\t\t\t\t<div class=\"elementor-widget-container\">\n\t\t\t\t\t<h2 class=\"elementor-heading-title elementor-size-default\">Benvenuto nel tuo viaggio personale ayurvedico  <\/h2>\t\t\t\t<\/div>\n\t\t\t\t<\/div>\n\t\t\t\t<div class=\"elementor-element elementor-element-9b2364e elementor-invisible elementor-widget elementor-widget-text-editor\" data-id=\"9b2364e\" data-element_type=\"widget\" data-settings=\"{&quot;_animation&quot;:&quot;fadeIn&quot;}\" data-widget_type=\"text-editor.default\">\n\t\t\t\t<div class=\"elementor-widget-container\">\n\t\t\t\t\t\t\t\t\t<p><strong>Ayubowan, Namaste!<\/strong>  Nel cuore di Enjoy Ayurveda batte una profonda passione per l&#8217;autentica e millenaria arte curativa dell&#8217;Ayurveda. Da anni ci dedichiamo all&#8217;attenta selezione e all&#8217;esperienza personale delle cure ayurvediche per consentirti non solo un viaggio, ma una trasformazione del corpo, della mente e dell&#8217;anima.<\/p>\n\t\t\t\t\t\t\t\t<\/div>\n\t\t\t\t<\/div>\n\t\t\t\t\t<\/div>\n\t\t\t\t<\/div>\n\t\t<div class=\"elementor-element elementor-element-a2ade3b e-flex e-con-boxed e-con e-child\" data-id=\"a2ade3b\" data-element_type=\"container\">\n\t\t\t\t\t<div class=\"e-con-inner\">\n\t\t\t\t<div class=\"elementor-element elementor-element-30d33596 elementor-widget elementor-widget-image\" data-id=\"30d33596\" data-element_type=\"widget\" data-widget_type=\"image.default\">\n\t\t\t\t<div class=\"elementor-widget-container\">\n\t\t\t\t\t\t\t\t\t\t\t\t\t\t\t<img loading=\"lazy\" decoding=\"async\" width=\"800\" height=\"533\" src=\"https:\/\/enjoyayurveda.de\/wp-content\/uploads\/2024\/04\/Somatheram-1024x682.jpg\" class=\"attachment-large size-large wp-image-1546\" alt=\"\" srcset=\"https:\/\/enjoyayurveda.de\/wp-content\/uploads\/2024\/04\/Somatheram-1024x682.jpg 1024w, https:\/\/enjoyayurveda.de\/wp-content\/uploads\/2024\/04\/Somatheram-300x200.jpg 300w, https:\/\/enjoyayurveda.de\/wp-content\/uploads\/2024\/04\/Somatheram-768x512.jpg 768w, https:\/\/enjoyayurveda.de\/wp-content\/uploads\/2024\/04\/Somatheram.jpg 1280w\" sizes=\"auto, (max-width: 800px) 100vw, 800px\" \/>\t\t\t\t\t\t\t\t\t\t\t\t\t\t\t<\/div>\n\t\t\t\t<\/div>\n\t\t\t\t\t<\/div>\n\t\t\t\t<\/div>\n\t\t\t\t\t<\/div>\n\t\t\t\t<\/div>\n\t\t<div class=\"elementor-element elementor-element-e236c71 e-flex e-con-boxed e-con e-parent\" data-id=\"e236c71\" data-element_type=\"container\">\n\t\t\t\t\t<div class=\"e-con-inner\">\n\t\t<div class=\"elementor-element elementor-element-e42461c e-flex e-con-boxed e-con e-child\" data-id=\"e42461c\" data-element_type=\"container\">\n\t\t\t\t\t<div class=\"e-con-inner\">\n\t\t\t\t<div class=\"elementor-element elementor-element-3ec41cfa elementor-widget elementor-widget-heading\" data-id=\"3ec41cfa\" data-element_type=\"widget\" data-widget_type=\"heading.default\">\n\t\t\t\t<div class=\"elementor-widget-container\">\n\t\t\t\t\t<h3 class=\"elementor-heading-title elementor-size-default\">Viaggi individuali,  <br>Personalizzato per te\n\n<\/h3>\t\t\t\t<\/div>\n\t\t\t\t<\/div>\n\t\t\t\t<div class=\"elementor-element elementor-element-3aac8479 elementor-invisible elementor-widget elementor-widget-text-editor\" data-id=\"3aac8479\" data-element_type=\"widget\" data-settings=\"{&quot;_animation&quot;:&quot;fadeIn&quot;}\" data-widget_type=\"text-editor.default\">\n\t\t\t\t<div class=\"elementor-widget-container\">\n\t\t\t\t\t\t\t\t\t<p><strong>Noi di Enjoy Ayurveda<\/strong> riconosciamo che ogni percorso di guarigione e recupero \u00e8 unico come te. Ecco perch\u00e9 i piani di viaggio personalizzati sono al centro di tutto ci\u00f2 che facciamo. Che il tuo cuore desideri i paesaggi spirituali dell&#8217;India o le spiagge paradisiache dello Sri Lanka, organizzeremo il tuo viaggio da sogno in base ai tuoi desideri e alle tue esigenze personali.<\/p>\n\t\t\t\t\t\t\t\t<\/div>\n\t\t\t\t<\/div>\n\t\t\t\t\t<\/div>\n\t\t\t\t<\/div>\n\t\t<div class=\"elementor-element elementor-element-d0f0dd4 e-flex e-con-boxed e-con e-child\" data-id=\"d0f0dd4\" data-element_type=\"container\">\n\t\t\t\t\t<div class=\"e-con-inner\">\n\t\t\t\t<div class=\"elementor-element elementor-element-16a11b7 elementor-widget elementor-widget-image\" data-id=\"16a11b7\" data-element_type=\"widget\" data-widget_type=\"image.default\">\n\t\t\t\t<div class=\"elementor-widget-container\">\n\t\t\t\t\t\t\t\t\t\t\t\t\t\t\t<img loading=\"lazy\" decoding=\"async\" width=\"768\" height=\"1024\" src=\"https:\/\/enjoyayurveda.de\/wp-content\/uploads\/2024\/04\/Como13.jpg\" class=\"attachment-large size-large wp-image-1547\" alt=\"\" srcset=\"https:\/\/enjoyayurveda.de\/wp-content\/uploads\/2024\/04\/Como13.jpg 768w, https:\/\/enjoyayurveda.de\/wp-content\/uploads\/2024\/04\/Como13-225x300.jpg 225w\" sizes=\"auto, (max-width: 768px) 100vw, 768px\" \/>\t\t\t\t\t\t\t\t\t\t\t\t\t\t\t<\/div>\n\t\t\t\t<\/div>\n\t\t\t\t\t<\/div>\n\t\t\t\t<\/div>\n\t\t\t\t\t<\/div>\n\t\t\t\t<\/div>\n\t\t<div class=\"elementor-element elementor-element-42b3071 e-flex e-con-boxed e-con e-parent\" data-id=\"42b3071\" data-element_type=\"container\">\n\t\t\t\t\t<div class=\"e-con-inner\">\n\t\t<div class=\"elementor-element elementor-element-c5322d7 e-flex e-con-boxed e-con e-child\" data-id=\"c5322d7\" data-element_type=\"container\">\n\t\t\t\t\t<div class=\"e-con-inner\">\n\t\t\t\t<div class=\"elementor-element elementor-element-c96b1e9 elementor-widget elementor-widget-heading\" data-id=\"c96b1e9\" data-element_type=\"widget\" data-widget_type=\"heading.default\">\n\t\t\t\t<div class=\"elementor-widget-container\">\n\t\t\t\t\t<h2 class=\"elementor-heading-title elementor-size-default\">I nostri criteri di selezione: Rigoroso, Personale, Testato\n\n<\/h2>\t\t\t\t<\/div>\n\t\t\t\t<\/div>\n\t\t\t\t<div class=\"elementor-element elementor-element-f4ea27f elementor-invisible elementor-widget elementor-widget-text-editor\" data-id=\"f4ea27f\" data-element_type=\"widget\" data-settings=\"{&quot;_animation&quot;:&quot;fadeIn&quot;}\" data-widget_type=\"text-editor.default\">\n\t\t\t\t<div class=\"elementor-widget-container\">\n\t\t\t\t\t\t\t\t\t<p>Le <strong>nostre promesse<\/strong> nei tuoi confronti non sono una coincidenza. Ogni resort ayurvedico del nostro portfolio \u00e8 stato visitato personalmente da noi e selezionato secondo i criteri pi\u00f9 rigorosi. Viviamo e respiriamo l&#8217;Ayurveda; pertanto comprendiamo l&#8217;importanza dell&#8217;autenticit\u00e0, della qualit\u00e0 e dell&#8217;atmosfera giusta per la tua guarigione e il tuo relax. Le nostre esperienze in questi resort confluiscono direttamente nei nostri consigli per garantire che il tuo trattamento ayurvedico non solo prometta, ma mantenga.<\/p><\/p>\n\t\t\t\t\t\t\t\t<\/div>\n\t\t\t\t<\/div>\n\t\t\t\t\t<\/div>\n\t\t\t\t<\/div>\n\t\t<div class=\"elementor-element elementor-element-28ee222 e-flex e-con-boxed e-con e-child\" data-id=\"28ee222\" data-element_type=\"container\">\n\t\t\t\t\t<div class=\"e-con-inner\">\n\t\t\t\t<div class=\"elementor-element elementor-element-bbd50cc elementor-widget elementor-widget-image\" data-id=\"bbd50cc\" data-element_type=\"widget\" data-widget_type=\"image.default\">\n\t\t\t\t<div class=\"elementor-widget-container\">\n\t\t\t\t\t\t\t\t\t\t\t\t\t\t\t<img loading=\"lazy\" decoding=\"async\" width=\"800\" height=\"1019\" src=\"https:\/\/enjoyayurveda.de\/wp-content\/uploads\/2024\/04\/Como11-1.jpg\" class=\"attachment-large size-large wp-image-1549\" alt=\"\" srcset=\"https:\/\/enjoyayurveda.de\/wp-content\/uploads\/2024\/04\/Como11-1.jpg 804w, https:\/\/enjoyayurveda.de\/wp-content\/uploads\/2024\/04\/Como11-1-236x300.jpg 236w, https:\/\/enjoyayurveda.de\/wp-content\/uploads\/2024\/04\/Como11-1-768x978.jpg 768w\" sizes=\"auto, (max-width: 800px) 100vw, 800px\" \/>\t\t\t\t\t\t\t\t\t\t\t\t\t\t\t<\/div>\n\t\t\t\t<\/div>\n\t\t\t\t\t<\/div>\n\t\t\t\t<\/div>\n\t\t\t\t\t<\/div>\n\t\t\t\t<\/div>\n\t\t<div class=\"elementor-element elementor-element-8b295f8 e-flex e-con-boxed e-con e-parent\" data-id=\"8b295f8\" data-element_type=\"container\" data-settings=\"{&quot;background_background&quot;:&quot;classic&quot;}\">\n\t\t\t\t\t<div class=\"e-con-inner\">\n\t\t<div class=\"elementor-element elementor-element-7fafdfe e-con-full e-flex e-con e-child\" data-id=\"7fafdfe\" data-element_type=\"container\" data-settings=\"{&quot;background_background&quot;:&quot;classic&quot;}\">\n\t\t\t\t<div class=\"elementor-element elementor-element-0a8c08f elementor-widget elementor-widget-heading\" data-id=\"0a8c08f\" data-element_type=\"widget\" data-widget_type=\"heading.default\">\n\t\t\t\t<div class=\"elementor-widget-container\">\n\t\t\t\t\t<h2 class=\"elementor-heading-title elementor-size-default\">Scopri i segreti  <br>dell'Ayurveda\n\n<\/h2>\t\t\t\t<\/div>\n\t\t\t\t<\/div>\n\t\t\t\t<div class=\"elementor-element elementor-element-b8b6a3c elementor-invisible elementor-widget elementor-widget-text-editor\" data-id=\"b8b6a3c\" data-element_type=\"widget\" data-settings=\"{&quot;_animation&quot;:&quot;fadeIn&quot;}\" data-widget_type=\"text-editor.default\">\n\t\t\t\t<div class=\"elementor-widget-container\">\n\t\t\t\t\t\t\t\t\t<p>L&#8217;Ayurveda \u00e8 pi\u00f9 di una semplice cura: \u00e8 un percorso verso un benessere pi\u00f9 profondo e un&#8217;armonia interiore. Ti presentiamo i segreti di quest&#8217;arte curativa. Ogni cura che offriamo \u00e8 un viaggio accuratamente personalizzato che combina il divertimento e il relax in luoghi idilliaci con il potere curativo dell&#8217;Ayurveda.<\/p><\/p>\n\t\t\t\t\t\t\t\t<\/div>\n\t\t\t\t<\/div>\n\t\t\t\t<\/div>\n\t\t<div class=\"elementor-element elementor-element-ca4c542 e-con-full e-flex e-con e-child\" data-id=\"ca4c542\" data-element_type=\"container\" data-settings=\"{&quot;background_background&quot;:&quot;classic&quot;}\">\n\t\t\t\t<div class=\"elementor-element elementor-element-a8849c5 elementor-widget elementor-widget-heading\" data-id=\"a8849c5\" data-element_type=\"widget\" data-widget_type=\"heading.default\">\n\t\t\t\t<div class=\"elementor-widget-container\">\n\t\t\t\t\t<h2 class=\"elementor-heading-title elementor-size-default\">Il tuo sogno ayurvedico  <br>inizia qui\n\n<\/h2>\t\t\t\t<\/div>\n\t\t\t\t<\/div>\n\t\t\t\t<div class=\"elementor-element elementor-element-0bc9d2d elementor-invisible elementor-widget elementor-widget-text-editor\" data-id=\"0bc9d2d\" data-element_type=\"widget\" data-settings=\"{&quot;_animation&quot;:&quot;fadeIn&quot;}\" data-widget_type=\"text-editor.default\">\n\t\t\t\t<div class=\"elementor-widget-container\">\n\t\t\t\t\t\t\t\t\t<p>Stai sognando un time-out che rigeneri corpo e anima? Il tuo sogno ayurvedico \u00e8 pi\u00f9 vicino di quanto pensi. Lascia che Enjoy Ayurveda ti accompagni in un viaggio individuale come il tuo percorso verso il benessere. Scopri con noi il tuo Ayus (vita) e Veda (conoscenza) personale e trasforma i sogni in esperienze.<\/p><\/p>\n\t\t\t\t\t\t\t\t<\/div>\n\t\t\t\t<\/div>\n\t\t\t\t<\/div>\n\t\t\t\t\t<\/div>\n\t\t\t\t<\/div>\n\t\t<div class=\"elementor-element elementor-element-2d2a64e e-flex e-con-boxed e-con e-parent\" data-id=\"2d2a64e\" data-element_type=\"container\">\n\t\t\t\t\t<div class=\"e-con-inner\">\n\t\t<div class=\"elementor-element elementor-element-e50f23d e-flex e-con-boxed e-con e-child\" data-id=\"e50f23d\" data-element_type=\"container\">\n\t\t\t\t\t<div class=\"e-con-inner\">\n\t\t\t\t<div class=\"elementor-element elementor-element-5fc4c52 elementor-widget elementor-widget-heading\" data-id=\"5fc4c52\" data-element_type=\"widget\" data-widget_type=\"heading.default\">\n\t\t\t\t<div class=\"elementor-widget-container\">\n\t\t\t\t\t<h3 class=\"elementor-heading-title elementor-size-default\">Il tuo viaggio, la nostra promessa: tranquillit\u00e0 dall'inizio alla fine\n\n<\/h3>\t\t\t\t<\/div>\n\t\t\t\t<\/div>\n\t\t\t\t<div class=\"elementor-element elementor-element-1121395 elementor-invisible elementor-widget elementor-widget-text-editor\" data-id=\"1121395\" data-element_type=\"widget\" data-settings=\"{&quot;_animation&quot;:&quot;fadeIn&quot;}\" data-widget_type=\"text-editor.default\">\n\t\t\t\t<div class=\"elementor-widget-container\">\n\t\t\t\t\t\t\t\t\t<p>Sappiamo che la vera arte di una vacanza ayurvedica indimenticabile sta nei dettagli. Dalla consultazione iniziale fino al ritorno alla vita di tutti i giorni, ti sosteniamo con un&#8217;assistenza e un&#8217;esperienza personalizzate. Lascia a noi la pianificazione e concentrati completamente sulla tua guarigione e sul tuo recupero. Tutto ci\u00f2 che devi portare con te \u00e8 il tempo, il tempo per te stesso.<\/p>\n<p>Contattaci: ti aiuteremo a pianificare un viaggio indimenticabile.<\/p>\n<p>Il tuo team di<\/p>\n\t\t\t\t\t\t\t\t<\/div>\n\t\t\t\t<\/div>\n\t\t<div class=\"elementor-element elementor-element-cd940d4 e-flex e-con-boxed e-con e-child\" data-id=\"cd940d4\" data-element_type=\"container\">\n\t\t\t\t\t<div class=\"e-con-inner\">\n\t\t\t\t<div class=\"elementor-element elementor-element-b51134e elementor-widget elementor-widget-image\" data-id=\"b51134e\" data-element_type=\"widget\" data-widget_type=\"image.default\">\n\t\t\t\t<div class=\"elementor-widget-container\">\n\t\t\t\t\t\t\t\t\t\t\t\t\t\t\t<img loading=\"lazy\" decoding=\"async\" width=\"400\" height=\"45\" src=\"https:\/\/enjoyayurveda.de\/wp-content\/uploads\/2024\/03\/Logo-Enjoy-Ayurveda-1.png\" class=\"attachment-large size-large wp-image-1034\" alt=\"\" srcset=\"https:\/\/enjoyayurveda.de\/wp-content\/uploads\/2024\/03\/Logo-Enjoy-Ayurveda-1.png 400w, https:\/\/enjoyayurveda.de\/wp-content\/uploads\/2024\/03\/Logo-Enjoy-Ayurveda-1-300x34.png 300w\" sizes=\"auto, (max-width: 400px) 100vw, 400px\" \/>\t\t\t\t\t\t\t\t\t\t\t\t\t\t\t<\/div>\n\t\t\t\t<\/div>\n\t\t\t\t\t<\/div>\n\t\t\t\t<\/div>\n\t\t\t\t\t<\/div>\n\t\t\t\t<\/div>\n\t\t<div class=\"elementor-element elementor-element-f8945b6 e-flex e-con-boxed e-con e-child\" data-id=\"f8945b6\" data-element_type=\"container\">\n\t\t\t\t\t<div class=\"e-con-inner\">\n\t\t<div class=\"elementor-element elementor-element-c1bf68f e-flex e-con-boxed e-con e-child\" data-id=\"c1bf68f\" data-element_type=\"container\" data-settings=\"{&quot;background_background&quot;:&quot;classic&quot;,&quot;sticky&quot;:&quot;top&quot;,&quot;sticky_on&quot;:[&quot;desktop&quot;,&quot;tablet&quot;],&quot;sticky_parent&quot;:&quot;yes&quot;,&quot;sticky_offset&quot;:0,&quot;sticky_effects_offset&quot;:0,&quot;sticky_anchor_link_offset&quot;:0}\">\n\t\t\t\t\t<div class=\"e-con-inner\">\n\t\t\t\t<div class=\"elementor-element elementor-element-84f9452 elementor-widget elementor-widget-heading\" data-id=\"84f9452\" data-element_type=\"widget\" data-widget_type=\"heading.default\">\n\t\t\t\t<div class=\"elementor-widget-container\">\n\t\t\t\t\t<p class=\"elementor-heading-title elementor-size-default\">Sei pronto per il tuo time-out ayurvedico? Sar\u00f2 felice di consigliarti!<\/p>\t\t\t\t<\/div>\n\t\t\t\t<\/div>\n\t\t<div class=\"elementor-element elementor-element-33f250e e-flex e-con-boxed e-con e-child\" data-id=\"33f250e\" data-element_type=\"container\">\n\t\t\t\t\t<div class=\"e-con-inner\">\n\t\t\t\t<div class=\"elementor-element elementor-element-2a168b3 elementor-widget elementor-widget-image\" data-id=\"2a168b3\" data-element_type=\"widget\" data-widget_type=\"image.default\">\n\t\t\t\t<div class=\"elementor-widget-container\">\n\t\t\t\t\t\t\t\t\t\t\t\t\t\t\t<img loading=\"lazy\" decoding=\"async\" width=\"836\" height=\"1084\" src=\"https:\/\/enjoyayurveda.de\/wp-content\/uploads\/2024\/03\/Image-198.jpg\" class=\"attachment-full size-full wp-image-484\" alt=\"\" srcset=\"https:\/\/enjoyayurveda.de\/wp-content\/uploads\/2024\/03\/Image-198.jpg 836w, https:\/\/enjoyayurveda.de\/wp-content\/uploads\/2024\/03\/Image-198-231x300.jpg 231w, https:\/\/enjoyayurveda.de\/wp-content\/uploads\/2024\/03\/Image-198-790x1024.jpg 790w, https:\/\/enjoyayurveda.de\/wp-content\/uploads\/2024\/03\/Image-198-768x996.jpg 768w\" sizes=\"auto, (max-width: 836px) 100vw, 836px\" \/>\t\t\t\t\t\t\t\t\t\t\t\t\t\t\t<\/div>\n\t\t\t\t<\/div>\n\t\t\t\t<div class=\"elementor-element elementor-element-a8b9576 elementor-widget elementor-widget-text-editor\" data-id=\"a8b9576\" data-element_type=\"widget\" data-widget_type=\"text-editor.default\">\n\t\t\t\t<div class=\"elementor-widget-container\">\n\t\t\t\t\t\t\t\t\t<p>Mireen Thimm<br \/><span style=\"color: #f57238;\"><a style=\"color: #f57238;\" href=\"tel:+494069020%20816%\"><strong>+49 40 690 816 37<\/strong><\/a><\/span><\/p>\n\t\t\t\t\t\t\t\t<\/div>\n\t\t\t\t<\/div>\n\t\t\t\t<div class=\"elementor-element elementor-element-54173ba elementor-align-center elementor-widget elementor-widget-button\" data-id=\"54173ba\" data-element_type=\"widget\" data-widget_type=\"button.default\">\n\t\t\t\t<div class=\"elementor-widget-container\">\n\t\t\t\t\t\t\t\t\t<div class=\"elementor-button-wrapper\">\n\t\t\t\t\t<a class=\"elementor-button elementor-button-link elementor-size-sm\" href=\"https:\/\/enjoyayurveda.de\/it\/contattaci\/\">\n\t\t\t\t\t\t<span class=\"elementor-button-content-wrapper\">\n\t\t\t\t\t\t\t\t\t<span class=\"elementor-button-text\">Contatta Mireen<\/span>\n\t\t\t\t\t<\/span>\n\t\t\t\t\t<\/a>\n\t\t\t\t<\/div>\n\t\t\t\t\t\t\t\t<\/div>\n\t\t\t\t<\/div>\n\t\t\t\t\t<\/div>\n\t\t\t\t<\/div>\n\t\t\t\t\t<\/div>\n\t\t\t\t<\/div>\n\t\t\t\t\t<\/div>\n\t\t\t\t<\/div>\n\t\t\t\t\t<\/div>\n\t\t\t\t<\/div>\n\t\t\t\t<\/div>\n\t\t","protected":false},"excerpt":{"rendered":"<p>Informazioni su Enjoy Ayurveda Benvenuto nel tuo viaggio personale ayurvedico Ayubowan, Namaste! Nel cuore di Enjoy Ayurveda batte una profonda passione per l&#8217;autentica e millenaria arte curativa dell&#8217;Ayurveda. Da anni ci dedichiamo all&#8217;attenta selezione e all&#8217;esperienza personale delle cure ayurvediche per consentirti non solo un viaggio, ma una trasformazione del corpo, della mente e dell&#8217;anima. [&hellip;]<\/p>\n","protected":false},"author":1,"featured_media":0,"parent":0,"menu_order":1,"comment_status":"closed","ping_status":"closed","template":"elementor_header_footer","meta":{"_acf_changed":false,"iawp_total_views":23,"footnotes":""},"class_list":["post-2396","page","type-page","status-publish","hentry"],"acf":[],"_links":{"self":[{"href":"https:\/\/enjoyayurveda.de\/it\/wp-json\/wp\/v2\/pages\/2396","targetHints":{"allow":["GET"]}}],"collection":[{"href":"https:\/\/enjoyayurveda.de\/it\/wp-json\/wp\/v2\/pages"}],"about":[{"href":"https:\/\/enjoyayurveda.de\/it\/wp-json\/wp\/v2\/types\/page"}],"author":[{"embeddable":true,"href":"https:\/\/enjoyayurveda.de\/it\/wp-json\/wp\/v2\/users\/1"}],"replies":[{"embeddable":true,"href":"https:\/\/enjoyayurveda.de\/it\/wp-json\/wp\/v2\/comments?post=2396"}],"version-history":[{"count":3,"href":"https:\/\/enjoyayurveda.de\/it\/wp-json\/wp\/v2\/pages\/2396\/revisions"}],"predecessor-version":[{"id":2688,"href":"https:\/\/enjoyayurveda.de\/it\/wp-json\/wp\/v2\/pages\/2396\/revisions\/2688"}],"wp:attachment":[{"href":"https:\/\/enjoyayurveda.de\/it\/wp-json\/wp\/v2\/media?parent=2396"}],"curies":[{"name":"wp","href":"https:\/\/api.w.org\/{rel}","templated":true}]}}